{"id":1663,"date":"2014-05-06T02:43:12","date_gmt":"2014-05-06T01:43:12","guid":{"rendered":"http:\/\/zeyn.detheme.com\/?page_id=1663"},"modified":"2017-10-31T11:20:00","modified_gmt":"2017-10-31T10:20:00","slug":"portfolio","status":"publish","type":"page","link":"https:\/\/www.auxjardinsdessens.com\/?page_id=1663","title":{"rendered":"R\u00e9f\u00e9rences"},"content":{"rendered":"<!--- start vc_row --><div class=\"wpb_row vc_row-fluid vc_custom_detheme1\">\n\t<div class=\"vc_span12 wpb_column column_container\">\n\t\t<div class=\"wpb_wrapper\">\n\t\t\t\n\t<div class=\"wpb_text_column wpb_content_element \">\n\t\t<div class=\"wpb_wrapper\">\n\t\t\t<p>Depuis 2012, Nous s\u00e9duisons, surprenons et apportons toutes nos comp\u00e9tences \u00e0 une client\u00e8le toujours plus exigeante, mais aussi fid\u00e8le lorsque nous nous mettons au service de la gastronomie et des plaisirs gourmands.\u00a0Parmi ces Relations Privil\u00e9gi\u00e9es, ces diff\u00e9rents acteurs contribuent \u00e0 notre succ\u00e8s et participent \u00e0 notre r\u00e9ussite :<\/p>\n\n\t\t<\/div> \n\t<\/div> \n\t\t<\/div> \n\t<\/div> \n<\/div><!--- end vc_row -->\n","protected":false},"excerpt":{"rendered":"Depuis 2012, Nous s\u00e9duisons, surprenons et apportons toutes nos comp\u00e9tences \u00e0 une client\u00e8le toujours plus exigeante, mais aussi fid\u00e8le lorsque nous nous mettons au service de la gastronomie et des plaisirs gourmands.\u00a0Parmi ces Relations Privil\u00e9gi\u00e9es, ces diff\u00e9rents acteurs contribuent \u00e0 notre succ\u00e8s et participent \u00e0 notre r\u00e9ussite :","protected":false},"author":1,"featured_media":0,"parent":0,"menu_order":0,"comment_status":"open","ping_status":"closed","template":"portfolio.php","meta":{"sfsi_plus_gutenberg_text_before_share":"","sfsi_plus_gutenberg_show_text_before_share":"","sfsi_plus_gutenberg_icon_type":"","sfsi_plus_gutenberg_icon_alignemt":"","sfsi_plus_gutenburg_max_per_row":"","footnotes":""},"class_list":["post-1663","page","type-page","status-publish","hentry"],"_links":{"self":[{"href":"https:\/\/www.auxjardinsdessens.com\/index.php?rest_route=\/wp\/v2\/pages\/1663","targetHints":{"allow":["GET"]}}],"collection":[{"href":"https:\/\/www.auxjardinsdessens.com\/index.php?rest_route=\/wp\/v2\/pages"}],"about":[{"href":"https:\/\/www.auxjardinsdessens.com\/index.php?rest_route=\/wp\/v2\/types\/page"}],"author":[{"embeddable":true,"href":"https:\/\/www.auxjardinsdessens.com\/index.php?rest_route=\/wp\/v2\/users\/1"}],"replies":[{"embeddable":true,"href":"https:\/\/www.auxjardinsdessens.com\/index.php?rest_route=%2Fwp%2Fv2%2Fcomments&post=1663"}],"version-history":[{"count":12,"href":"https:\/\/www.auxjardinsdessens.com\/index.php?rest_route=\/wp\/v2\/pages\/1663\/revisions"}],"predecessor-version":[{"id":11516,"href":"https:\/\/www.auxjardinsdessens.com\/index.php?rest_route=\/wp\/v2\/pages\/1663\/revisions\/11516"}],"wp:attachment":[{"href":"https:\/\/www.auxjardinsdessens.com\/index.php?rest_route=%2Fwp%2Fv2%2Fmedia&parent=1663"}],"curies":[{"name":"wp","href":"https:\/\/api.w.org\/{rel}","templated":true}]}}